{"id":43,"date":"2021-01-21T18:48:31","date_gmt":"2021-01-21T18:48:31","guid":{"rendered":"http:\/\/washplanet.pt\/?page_id=43"},"modified":"2024-12-18T16:18:32","modified_gmt":"2024-12-18T16:18:32","slug":"inicio","status":"publish","type":"page","link":"http:\/\/washplanet.pt\/","title":{"rendered":"In\u00edcio"},"content":{"rendered":"\n<div class=\"wp-block-cover has-custom-content-position is-position-bottom-right is-style-tw-border-inner\" style=\"background-image:url(http:\/\/washplanet.pt\/wp-content\/uploads\/2015\/07\/DSCN0794-2.jpg)\"><div class=\"wp-block-cover__inner-container\">\n<blockquote class=\"wp-block-quote has-text-align-right is-style-large\"><p><strong>Um Espa\u00e7o de Excel\u00eancia <br>para Tratar da Sua Roupa<\/strong><\/p><\/blockquote>\n<\/div><\/div>\n\n\n\n<h2 class=\"wp-block-heading has-text-align-center\">Wash Planet &#8211; Lavandarias Self-Service<\/h2>\n\n\n\n<p class=\"has-text-align-center\" style=\"font-size:26px\">A Wash Planet tem \u00e0 sua disposi\u00e7\u00e3o m\u00e1quinas de lavar e secar roupa com diversas capacidades. Lavar e secar roupa \u00e9 agora mais f\u00e1cil, r\u00e1pido e econ\u00f3mico.<\/p>\n\n\n\n<hr class=\"wp-block-separator has-alpha-channel-opacity\" id=\"servicos\"\/>\n\n\n\n<div class=\"wp-block-group alignfull is-layout-flow\"><div class=\"wp-block-group__inner-container\">\n<div class=\"wp-block-columns alignwide tw-justify-center tw-gutter-large has-text-align-center is-layout-flex wp-container-4\">\n<div class=\"wp-block-column is-layout-flow\"><div class=\"wp-block-image\">\n<figure class=\"aligncenter is-resized\"><img decoding=\"async\" loading=\"lazy\" src=\"http:\/\/washplanet.pt\/wp-content\/plugins\/twentig\/dist\/images\/patterns\/illustration4.svg\" alt=\"\" width=\"120\" height=\"80\"\/><\/figure><\/div>\n\n\n<h3 class=\"wp-block-heading has-large-font-size\">Pre\u00e7os desde \u20ac4.00*<\/h3>\n\n\n\n<p>Detergente, Amaciador e Desinfetante Inclu\u00eddos.<\/p>\n<\/div>\n\n\n\n<div class=\"wp-block-column is-layout-flow\"><div class=\"wp-block-image\">\n<figure class=\"aligncenter is-resized\"><img decoding=\"async\" loading=\"lazy\" src=\"http:\/\/washplanet.pt\/wp-content\/plugins\/twentig\/dist\/images\/patterns\/illustration2.svg\" alt=\"\" width=\"120\" height=\"80\"\/><\/figure><\/div>\n\n\n<h3 class=\"wp-block-heading has-large-font-size\">Grande n\u00famero de M\u00e1quinas<\/h3>\n\n\n\n<p>M\u00e1quinas de Lavar e Secar de grande capacidade.<\/p>\n<\/div>\n\n\n\n<div class=\"wp-block-column is-layout-flow\"><div class=\"wp-block-image\">\n<figure class=\"aligncenter is-resized\"><img decoding=\"async\" loading=\"lazy\" src=\"http:\/\/washplanet.pt\/wp-content\/plugins\/twentig\/dist\/images\/patterns\/illustration1.svg\" alt=\"\" width=\"120\" height=\"80\"\/><\/figure><\/div>\n\n\n<h3 class=\"wp-block-heading has-large-font-size\">Sinta-se em Casa<\/h3>\n\n\n\n<p>Temos ao seu dispor Internet WiFi gratuita, Musica Ambiente, Televis\u00e3o e um Espa\u00e7o Acolhedor.<\/p>\n<\/div>\n<\/div>\n\n\n\n<p class=\"has-text-align-center\">*Consulte todos os nossos pre\u00e7os <a href=\"http:\/\/washplanet.pt\/wp-content\/uploads\/2024\/01\/PREC\u0327A\u0301RIO_WashPlanet_2024.pdf\" target=\"_blank\" rel=\"noreferrer noopener\">aqui<\/a>.<\/p>\n<\/div><\/div>\n\n\n\n<h2 class=\"wp-block-heading has-text-align-center\">Onde Estamos<\/h2>\n\n\n<style>.gm-style-iw { line-height: inherit !important;}<\/style><div class=\"wpgmp_map_container wpgmp-map-1\" rel=\"map1\" data-plugin-version=\"4.6.8\"><div class=\"wpgmp_map_parent\"><div class=\"wpgmp_map \" style=\"width:100%; height:400px;\" id=\"map1\" data-map-id=\"1\"><\/div><\/div><\/div><script id=\"script-map-data-1\">jQuery(document).ready(function($){ window.wpgmp = window.wpgmp || {}; window.wpgmp.mapdata1 = \"eyJtYXBfb3B0aW9ucyI6eyJjZW50ZXJfbGF0IjoiNDAuMjAxOTg0IiwiY2VudGVyX2xuZyI6Ii04LjQxNTAwMCIsInpvb20iOjE0LCJtYXBfdHlwZV9pZCI6IlJPQURNQVAiLCJmaXRfYm91bmRzIjpmYWxzZSwiZHJhZ2dhYmxlIjp0cnVlLCJzY3JvbGxfd2hlZWwiOmZhbHNlLCJkaXNwbGF5XzQ1X2ltYWdlcnkiOiIiLCJtYXJrZXJfZGVmYXVsdF9pY29uIjoiaHR0cDpcL1wvd2FzaHBsYW5ldC5wdFwvd3AtY29udGVudFwvcGx1Z2luc1wvd3AtZ29vZ2xlLW1hcC1wbHVnaW5cL2Fzc2V0c1wvaW1hZ2VzXC9cL2RlZmF1bHRfbWFya2VyLnBuZyIsImluZm93aW5kb3dfc2V0dGluZyI6IiIsImluZm93aW5kb3dfYm91bmNlX2FuaW1hdGlvbiI6IiIsImluZm93aW5kb3dfZHJvcF9hbmltYXRpb24iOmZhbHNlLCJjbG9zZV9pbmZvd2luZG93X29uX21hcF9jbGljayI6ZmFsc2UsImluZm93aW5kb3dfc2tpbiI6IiIsImRlZmF1bHRfaW5mb3dpbmRvd19vcGVuIjpmYWxzZSwiaW5mb3dpbmRvd19vcGVuX2V2ZW50IjoiY2xpY2siLCJmdWxsX3NjcmVlbl9jb250cm9sIjp0cnVlLCJzZWFyY2hfY29udHJvbCI6dHJ1ZSwiem9vbV9jb250cm9sIjp0cnVlLCJtYXBfdHlwZV9jb250cm9sIjp0cnVlLCJzdHJlZXRfdmlld19jb250cm9sIjp0cnVlLCJmdWxsX3NjcmVlbl9jb250cm9sX3Bvc2l0aW9uIjoiVE9QX1JJR0hUIiwic2VhcmNoX2NvbnRyb2xfcG9zaXRpb24iOiJUT1BfTEVGVCIsInpvb21fY29udHJvbF9wb3NpdGlvbiI6IlRPUF9MRUZUIiwibWFwX3R5cGVfY29udHJvbF9wb3NpdGlvbiI6IlRPUF9SSUdIVCIsIm1hcF90eXBlX2NvbnRyb2xfc3R5bGUiOiJIT1JJWk9OVEFMX0JBUiIsInN0cmVldF92aWV3X2NvbnRyb2xfcG9zaXRpb24iOiJUT1BfTEVGVCIsIm1hcF9jb250cm9sIjp0cnVlLCJtYXBfY29udHJvbF9zZXR0aW5ncyI6ZmFsc2UsIm1hcF96b29tX2FmdGVyX3NlYXJjaCI6Niwid2lkdGgiOiIiLCJoZWlnaHQiOiI0MDAifSwicGxhY2VzIjpbeyJpZCI6IjEiLCJ0aXRsZSI6Ildhc2ggUGxhbmV0IiwiYWRkcmVzcyI6IlJ1YSBHZW5lcmFsIEh1bWJlcnRvIERlbGdhZG8gNDQ0LCBDb2ltYnJhLCBQb3J0dWdhbCIsInNvdXJjZSI6Im1hbnVhbCIsImNvbnRlbnQiOiJXYXNoIFBsYW5ldCAtIExhdmFuZGFyaWEgU2VsZi1TZXJ2aWNlIiwibG9jYXRpb24iOnsiaWNvbiI6Imh0dHA6XC9cL3dhc2hwbGFuZXQucHRcL3dwLWNvbnRlbnRcL3VwbG9hZHNcLzIwMTVcLzA3XC9nNDUyNy5wbmciLCJsYXQiOiI0MC4yMDM3OTI4IiwibG5nIjoiLTguNDEzODM1Mjk5OTk5OTYiLCJjaXR5IjoiIiwic3RhdGUiOiIiLCJjb3VudHJ5IjoiIiwib25jbGlja19hY3Rpb24iOiJtYXJrZXIiLCJyZWRpcmVjdF9jdXN0b21fbGluayI6IiIsIm1hcmtlcl9pbWFnZSI6IiIsIm9wZW5fbmV3X3RhYiI6InllcyIsInBvc3RhbF9jb2RlIjoiIiwiZHJhZ2dhYmxlIjpmYWxzZSwiaW5mb3dpbmRvd19kZWZhdWx0X29wZW4iOmZhbHNlLCJhbmltYXRpb24iOiJCT1VOQ0UiLCJpbmZvd2luZG93X2Rpc2FibGUiOnRydWUsInpvb20iOjUsImV4dHJhX2ZpZWxkcyI6IiJ9LCJjYXRlZ29yaWVzIjpbeyJpZCI6IjEiLCJuYW1lIjoiV2FzaFBsYW5ldCIsInR5cGUiOiJjYXRlZ29yeSIsImV4dGVuc2lvbl9maWVsZHMiOltdLCJpY29uIjoiaHR0cDpcL1wvd2FzaHBsYW5ldC5wdFwvd3AtY29udGVudFwvdXBsb2Fkc1wvMjAxNVwvMDdcL2c0NTI3LnBuZyJ9XSwiY3VzdG9tX2ZpbHRlcnMiOiIifSx7ImlkIjoiMiIsInRpdGxlIjoiV2FzaCBQbGFuZXQiLCJhZGRyZXNzIjoiUnVhIEFkb2xmbyBMb3VyZWlybyA1LCBDb2ltYnJhLCBQb3J0dWdhbCIsInNvdXJjZSI6Im1hbnVhbCIsImNvbnRlbnQiOiJXYXNoIFBsYW5ldCIsImxvY2F0aW9uIjp7Imljb24iOiJodHRwOlwvXC93YXNocGxhbmV0LnB0XC93cC1jb250ZW50XC91cGxvYWRzXC8yMDE1XC8wN1wvZzQ1MjcucG5nIiwibGF0IjoiNDAuMTk5OTI3OCIsImxuZyI6Ii04LjQxMDc2NTU5OTk5OTk5IiwiY2l0eSI6IkNvaW1icmEiLCJzdGF0ZSI6IkNvaW1icmEiLCJjb3VudHJ5IjoiUG9ydHVnYWwiLCJvbmNsaWNrX2FjdGlvbiI6Im1hcmtlciIsInJlZGlyZWN0X2N1c3RvbV9saW5rIjoiIiwibWFya2VyX2ltYWdlIjoiIiwib3Blbl9uZXdfdGFiIjoieWVzIiwicG9zdGFsX2NvZGUiOiIzMDMwLTAzMyIsImRyYWdnYWJsZSI6ZmFsc2UsImluZm93aW5kb3dfZGVmYXVsdF9vcGVuIjpmYWxzZSwiYW5pbWF0aW9uIjoiQk9VTkNFIiwiaW5mb3dpbmRvd19kaXNhYmxlIjp0cnVlLCJ6b29tIjo1LCJleHRyYV9maWVsZHMiOiIifSwiY2F0ZWdvcmllcyI6W3siaWQiOiIxIiwibmFtZSI6Ildhc2hQbGFuZXQiLCJ0eXBlIjoiY2F0ZWdvcnkiLCJleHRlbnNpb25fZmllbGRzIjpbXSwiaWNvbiI6Imh0dHA6XC9cL3dhc2hwbGFuZXQucHRcL3dwLWNvbnRlbnRcL3VwbG9hZHNcLzIwMTVcLzA3XC9nNDUyNy5wbmcifV0sImN1c3RvbV9maWx0ZXJzIjoiIn0seyJpZCI6IjMiLCJ0aXRsZSI6Ildhc2ggUGxhbmV0IiwiYWRkcmVzcyI6IlJ1YSBEb3V0b3IgQW50XHUwMGYzbmlvIEpvc1x1MDBlOSBkZSBBbG1laWRhIDM2LCBDb2ltYnJhLCBQb3J0dWdhbCIsInNvdXJjZSI6Im1hbnVhbCIsImNvbnRlbnQiOiJXYXNoIFBsYW5ldCIsImxvY2F0aW9uIjp7Imljb24iOiJodHRwOlwvXC93YXNocGxhbmV0LnB0XC93cC1jb250ZW50XC91cGxvYWRzXC8yMDE1XC8wN1wvZzQ1MjcucG5nIiwibGF0IjoiNDAuMjEzNDQ4MTk5OTk5OTkiLCJsbmciOiItOC40MjYxNDAxOTk5OTk5NjMiLCJjaXR5IjoiQ29pbWJyYSIsInN0YXRlIjoiQ29pbWJyYSIsImNvdW50cnkiOiJQb3J0dWdhbCIsIm9uY2xpY2tfYWN0aW9uIjoibWFya2VyIiwicmVkaXJlY3RfY3VzdG9tX2xpbmsiOiIiLCJtYXJrZXJfaW1hZ2UiOiIiLCJvcGVuX25ld190YWIiOiJ5ZXMiLCJwb3N0YWxfY29kZSI6IjMwMDAtMDQwIiwiZHJhZ2dhYmxlIjpmYWxzZSwiaW5mb3dpbmRvd19kZWZhdWx0X29wZW4iOmZhbHNlLCJhbmltYXRpb24iOiJCT1VOQ0UiLCJpbmZvd2luZG93X2Rpc2FibGUiOnRydWUsInpvb20iOjUsImV4dHJhX2ZpZWxkcyI6IiJ9LCJjYXRlZ29yaWVzIjpbeyJpZCI6IjEiLCJuYW1lIjoiV2FzaFBsYW5ldCIsInR5cGUiOiJjYXRlZ29yeSIsImV4dGVuc2lvbl9maWVsZHMiOltdLCJpY29uIjoiaHR0cDpcL1wvd2FzaHBsYW5ldC5wdFwvd3AtY29udGVudFwvdXBsb2Fkc1wvMjAxNVwvMDdcL2c0NTI3LnBuZyJ9XSwiY3VzdG9tX2ZpbHRlcnMiOiIifSx7ImlkIjoiNCIsInRpdGxlIjoiV2FzaCBQbGFuZXQiLCJhZGRyZXNzIjoiQXYuIERvbSBBZm9uc28gSGVucmlxdWVzIDY1LCBDb2ltYnJhLCBQb3J0dWdhbCIsInNvdXJjZSI6Im1hbnVhbCIsImNvbnRlbnQiOiJXYXNoIFBsYW5ldCIsImxvY2F0aW9uIjp7Imljb24iOiJodHRwOlwvXC93YXNocGxhbmV0LnB0XC93cC1jb250ZW50XC91cGxvYWRzXC8yMDE1XC8wN1wvZzQ1MjcucG5nIiwibGF0IjoiNDAuMjEwMTg2OCIsImxuZyI6Ii04LjQxNDM1NjkiLCJjaXR5IjoiVW5pXHUwMGUzbyBkYXMgZnJlZ3Vlc2lhcyBkZSBDb2ltYnJhIChTXHUwMGU5IE5vdmEsIFNhbnRhIENydXosIEFsbWVkaW5hIGUgU1x1MDBlM28gQmFydG9sb21ldSkiLCJzdGF0ZSI6IkNvaW1icmEiLCJjb3VudHJ5IjoiUG9ydHVnYWwiLCJvbmNsaWNrX2FjdGlvbiI6Im1hcmtlciIsInJlZGlyZWN0X2N1c3RvbV9saW5rIjoiIiwibWFya2VyX2ltYWdlIjoiIiwib3Blbl9uZXdfdGFiIjoieWVzIiwicG9zdGFsX2NvZGUiOiIiLCJkcmFnZ2FibGUiOmZhbHNlLCJpbmZvd2luZG93X2RlZmF1bHRfb3BlbiI6ZmFsc2UsImFuaW1hdGlvbiI6IkJPVU5DRSIsImluZm93aW5kb3dfZGlzYWJsZSI6dHJ1ZSwiem9vbSI6NSwiZXh0cmFfZmllbGRzIjoiIn0sImNhdGVnb3JpZXMiOlt7ImlkIjoiMSIsIm5hbWUiOiJXYXNoUGxhbmV0IiwidHlwZSI6ImNhdGVnb3J5IiwiZXh0ZW5zaW9uX2ZpZWxkcyI6W10sImljb24iOiJodHRwOlwvXC93YXNocGxhbmV0LnB0XC93cC1jb250ZW50XC91cGxvYWRzXC8yMDE1XC8wN1wvZzQ1MjcucG5nIn1dLCJjdXN0b21fZmlsdGVycyI6IiJ9XSwic3R5bGVzIjoiIiwibGlzdGluZyI6IiIsIm1hcmtlcl9jbHVzdGVyIjoiIiwibWFwX3Byb3BlcnR5Ijp7Im1hcF9pZCI6IjEiLCJkZWJ1Z19tb2RlIjpmYWxzZX19\"; });<\/script>\n\n\n\n<hr class=\"wp-block-separator has-css-opacity\"\/>\n\n\n\n<div class=\"wp-block-group alignfull is-layout-flow\"><div class=\"wp-block-group__inner-container\">\n<h2 class=\"wp-block-heading has-text-align-center\" id=\"contactos\">Contactos<\/h2>\n\n\n\n<div class=\"wp-block-columns alignwide tw-justify-center tw-gutter-large has-text-align-center is-layout-flex wp-container-9\">\n<div class=\"wp-block-column is-layout-flow\">\n<h3 class=\"wp-block-heading has-large-font-size\">Lojas<\/h3>\n\n\n\n<p>Loja 1 \u2013 Rua General Humberto Delgado, 444 r\/c dto, Coimbra<br>Loja 2 \u2013 Rua Adolfo Loureiro, 5, Bairro Norton de Matos, Coimbra<br>Loja 3 \u2013 Rua Dr. Ant\u00f3nio Jos\u00e9 de Almeida, 36, Coimbra<br>Loja 4 &#8211; Av. Dom Afonso Henriques 65, Coimbra<\/p>\n<\/div>\n\n\n\n<div class=\"wp-block-column is-layout-flow\">\n<h3 class=\"wp-block-heading has-large-font-size\">Telem\u00f3vel<\/h3>\n\n\n\n<p class=\"has-text-align-center\">+351 960 099 119<br>+351 966 006 591<\/p>\n<\/div>\n\n\n\n<div class=\"wp-block-column is-layout-flow\">\n<h3 class=\"wp-block-heading has-large-font-size\">E-mail<\/h3>\n\n\n\n<p class=\"has-text-align-center\">geral@washplanet.pt<\/p>\n<\/div>\n<\/div>\n<\/div><\/div>\n","protected":false},"excerpt":{"rendered":"<p>Wash Planet &#8211; Lavandarias Self-Service A Wash Planet tem \u00e0 sua disposi\u00e7\u00e3o m\u00e1quinas de lavar e secar roupa com diversas capacidades. Lavar e secar roupa \u00e9 agora mais f\u00e1cil, r\u00e1pido e econ\u00f3mico. Pre\u00e7os desde \u20ac4.00* Detergente, Amaciador e Desinfetante Inclu\u00eddos. Grande n\u00famero de M\u00e1quinas M\u00e1quinas de Lavar e Secar de grande capacidade. Sinta-se em Casa&hellip; <a class=\"more-link\" href=\"http:\/\/washplanet.pt\/\">Continue reading <span class=\"screen-reader-text\">In\u00edcio<\/span><\/a><\/p>\n","protected":false},"author":1,"featured_media":0,"parent":0,"menu_order":0,"comment_status":"closed","ping_status":"closed","template":"","meta":[],"_links":{"self":[{"href":"http:\/\/washplanet.pt\/index.php\/wp-json\/wp\/v2\/pages\/43"}],"collection":[{"href":"http:\/\/washplanet.pt\/index.php\/wp-json\/wp\/v2\/pages"}],"about":[{"href":"http:\/\/washplanet.pt\/index.php\/wp-json\/wp\/v2\/types\/page"}],"author":[{"embeddable":true,"href":"http:\/\/washplanet.pt\/index.php\/wp-json\/wp\/v2\/users\/1"}],"replies":[{"embeddable":true,"href":"http:\/\/washplanet.pt\/index.php\/wp-json\/wp\/v2\/comments?post=43"}],"version-history":[{"count":28,"href":"http:\/\/washplanet.pt\/index.php\/wp-json\/wp\/v2\/pages\/43\/revisions"}],"predecessor-version":[{"id":122,"href":"http:\/\/washplanet.pt\/index.php\/wp-json\/wp\/v2\/pages\/43\/revisions\/122"}],"wp:attachment":[{"href":"http:\/\/washplanet.pt\/index.php\/wp-json\/wp\/v2\/media?parent=43"}],"curies":[{"name":"wp","href":"https:\/\/api.w.org\/{rel}","templated":true}]}}